{"id":989,"date":"2026-01-05T00:00:43","date_gmt":"2026-01-05T00:00:43","guid":{"rendered":"https:\/\/yellow-scorpion-762147.hostingersite.com\/?post_type=product&#038;p=989"},"modified":"2026-02-17T18:19:24","modified_gmt":"2026-02-17T18:19:24","slug":"reserva","status":"publish","type":"product","link":"https:\/\/ipalaglamcontainer.com\/en\/product\/reserva\/","title":{"rendered":"Ipala Mar\u00e9"},"content":{"rendered":"<p data-start=\"188\" data-end=\"496\"><strong data-start=\"188\" data-end=\"202\">Ipala Mar\u00e9<\/strong> An exclusive beachfront escape, designed for those seeking rest, privacy, and an authentic connection with nature. Its privileged location offers direct ocean views, immediate beach access, and an environment that invites you to unplug from the daily grind.<\/p>\n<p data-start=\"498\" data-end=\"796\">Every detail has been carefully thought out to provide comfort and peace, making your stay a relaxing and memorable experience. Perfect for couples or special getaways, Ipala Mar\u00e9 is the ultimate place to get lost in the sound of the ocean and enjoy every moment without a rush.<\/p>","protected":false},"excerpt":{"rendered":"<p>Ipala Mar\u00e9 es un espacio exclusivo frente al mar, creado para quienes buscan descanso, privacidad y una conexi\u00f3n aut\u00e9ntica con [&hellip;]<\/p>\n","protected":false},"featured_media":2180,"comment_status":"open","ping_status":"closed","template":"","meta":{"site-sidebar-layout":"default","site-content-layout":"","ast-site-content-layout":"default","site-content-style":"default","site-sidebar-style":"default","ast-global-header-display":"","ast-banner-title-visibility":"","ast-main-header-display":"","ast-hfb-above-header-display":"","ast-hfb-below-header-display":"","ast-hfb-mobile-header-display":"","site-post-title":"","ast-breadcrumbs-content":"","ast-featured-img":"","footer-sml-layout":"","theme-transparent-header-meta":"default","adv-header-id-meta":"","stick-header-meta":"","header-above-stick-meta":"","header-main-stick-meta":"","header-below-stick-meta":"","astra-migrate-meta-layouts":"set","ast-page-background-enabled":"default","ast-page-background-meta":{"desktop":{"background-color":"var(--ast-global-color-5)","background-image":"","background-repeat":"repeat","background-position":"center center","background-size":"auto","background-attachment":"scroll","background-type":"","background-media":"","overlay-type":"","overlay-color":"","overlay-opacity":"","overlay-gradient":""},"tablet":{"background-color":"","background-image":"","background-repeat":"repeat","background-position":"center center","background-size":"auto","background-attachment":"scroll","background-type":"","background-media":"","overlay-type":"","overlay-color":"","overlay-opacity":"","overlay-gradient":""},"mobile":{"background-color":"","background-image":"","background-repeat":"repeat","background-position":"center center","background-size":"auto","background-attachment":"scroll","background-type":"","background-media":"","overlay-type":"","overlay-color":"","overlay-opacity":"","overlay-gradient":""}},"ast-content-background-meta":{"desktop":{"background-color":"var(--ast-global-color-4)","background-image":"","background-repeat":"repeat","background-position":"center center","background-size":"auto","background-attachment":"scroll","background-type":"","background-media":"","overlay-type":"","overlay-color":"","overlay-opacity":"","overlay-gradient":""},"tablet":{"background-color":"var(--ast-global-color-4)","background-image":"","background-repeat":"repeat","background-position":"center center","background-size":"auto","background-attachment":"scroll","background-type":"","background-media":"","overlay-type":"","overlay-color":"","overlay-opacity":"","overlay-gradient":""},"mobile":{"background-color":"var(--ast-global-color-4)","background-image":"","background-repeat":"repeat","background-position":"center center","background-size":"auto","background-attachment":"scroll","background-type":"","background-media":"","overlay-type":"","overlay-color":"","overlay-opacity":"","overlay-gradient":""}}},"product_brand":[],"product_cat":[29],"product_tag":[],"class_list":{"0":"post-989","1":"product","2":"type-product","3":"status-publish","4":"has-post-thumbnail","6":"product_cat-hotel","7":"desktop-align-left","8":"tablet-align-left","9":"mobile-align-left","11":"first","12":"instock","13":"sold-individually","14":"shipping-taxable","15":"purchasable","16":"product-type-booking"},"_links":{"self":[{"href":"https:\/\/ipalaglamcontainer.com\/en\/wp-json\/wp\/v2\/product\/989","targetHints":{"allow":["GET"]}}],"collection":[{"href":"https:\/\/ipalaglamcontainer.com\/en\/wp-json\/wp\/v2\/product"}],"about":[{"href":"https:\/\/ipalaglamcontainer.com\/en\/wp-json\/wp\/v2\/types\/product"}],"replies":[{"embeddable":true,"href":"https:\/\/ipalaglamcontainer.com\/en\/wp-json\/wp\/v2\/comments?post=989"}],"wp:featuredmedia":[{"embeddable":true,"href":"https:\/\/ipalaglamcontainer.com\/en\/wp-json\/wp\/v2\/media\/2180"}],"wp:attachment":[{"href":"https:\/\/ipalaglamcontainer.com\/en\/wp-json\/wp\/v2\/media?parent=989"}],"wp:term":[{"taxonomy":"product_brand","embeddable":true,"href":"https:\/\/ipalaglamcontainer.com\/en\/wp-json\/wp\/v2\/product_brand?post=989"},{"taxonomy":"product_cat","embeddable":true,"href":"https:\/\/ipalaglamcontainer.com\/en\/wp-json\/wp\/v2\/product_cat?post=989"},{"taxonomy":"product_tag","embeddable":true,"href":"https:\/\/ipalaglamcontainer.com\/en\/wp-json\/wp\/v2\/product_tag?post=989"}],"curies":[{"name":"wp","href":"https:\/\/api.w.org\/{rel}","templated":true}]}}